{"id":12,"date":"2018-12-28T07:56:30","date_gmt":"2018-12-28T07:56:30","guid":{"rendered":"http:\/\/imanitygroup.com\/firenze\/?page_id=12"},"modified":"2019-08-29T16:07:16","modified_gmt":"2019-08-29T16:07:16","slug":"sistema-amco","status":"publish","type":"page","link":"http:\/\/imanitygroup.com\/firenze\/sistema-amco\/","title":{"rendered":"Sistema AMCO"},"content":{"rendered":"<p>El m\u00e9todo AMCO proporciona todos los elementos necesarios para que se produzcan procesos de ense\u00f1anza-aprendizaje significativos y duraderos y que los alumnos tengan competencia efectiva en ingl\u00e9s, como si fuera su lengua materna. \u00a0A trav\u00e9s de metodolog\u00edas activas, trabajo cooperativo, aprendizaje por proyectos, desarrollo de las inteligencias m\u00faltiples, educaci\u00f3n emocional y personalizada, el m\u00e9todo Amco consigue que alumnos y alumnas tengan la motivaci\u00f3n que les impulse en la b\u00fasqueda de su propia formaci\u00f3n integral<\/p>\n<p><strong>Los principales \u00a0objetivos del m\u00e9todo Amco son:<\/strong><\/p>\n<ul>\n<li>Desarrollar las destrezas b\u00e1sicas necesarias para comunicarse en ingl\u00e9s.<\/li>\n<li>Enriquecer la lengua inglesa a trav\u00e9s de una exposici\u00f3n\u00a0 contin\u00faa<\/li>\n<li>Proponer actividades creativas y l\u00fadicas para incentivar el aprendizaje.<\/li>\n<li>Contribuir al desarrollo integral de los alumnos.<\/li>\n<li>Atender a los diversos niveles de aprendizaje, a trav\u00e9s de las inteligencias m\u00faltiples, que presentan nuestros alumnos.<\/li>\n<li>Fomentar actitudes positivas a otras culturas, lenguas, costumbres y hablantes.<\/li>\n<li>Desarrollar habilidades para la vida.<\/li>\n<\/ul>\n","protected":false},"excerpt":{"rendered":"<p>El m\u00e9todo AMCO proporciona todos los elementos necesarios para que se produzcan procesos de ense\u00f1anza-aprendizaje significativos y duraderos y que los alumnos tengan competencia efectiva en ingl\u00e9s, como si fuera su lengua materna. \u00a0A trav\u00e9s de metodolog\u00edas activas, trabajo cooperativo, aprendizaje por proyectos, desarrollo de las inteligencias m\u00faltiples, educaci\u00f3n emocional y personalizada, el m\u00e9todo Amco [&hellip;]<\/p>\n","protected":false},"author":1,"featured_media":68,"parent":0,"menu_order":0,"comment_status":"closed","ping_status":"closed","template":"","meta":[],"categories":[2],"tags":[],"_links":{"self":[{"href":"http:\/\/imanitygroup.com\/firenze\/wp-json\/wp\/v2\/pages\/12"}],"collection":[{"href":"http:\/\/imanitygroup.com\/firenze\/wp-json\/wp\/v2\/pages"}],"about":[{"href":"http:\/\/imanitygroup.com\/firenze\/wp-json\/wp\/v2\/types\/page"}],"author":[{"embeddable":true,"href":"http:\/\/imanitygroup.com\/firenze\/wp-json\/wp\/v2\/users\/1"}],"replies":[{"embeddable":true,"href":"http:\/\/imanitygroup.com\/firenze\/wp-json\/wp\/v2\/comments?post=12"}],"version-history":[{"count":2,"href":"http:\/\/imanitygroup.com\/firenze\/wp-json\/wp\/v2\/pages\/12\/revisions"}],"predecessor-version":[{"id":82,"href":"http:\/\/imanitygroup.com\/firenze\/wp-json\/wp\/v2\/pages\/12\/revisions\/82"}],"wp:featuredmedia":[{"embeddable":true,"href":"http:\/\/imanitygroup.com\/firenze\/wp-json\/wp\/v2\/media\/68"}],"wp:attachment":[{"href":"http:\/\/imanitygroup.com\/firenze\/wp-json\/wp\/v2\/media?parent=12"}],"wp:term":[{"taxonomy":"category","embeddable":true,"href":"http:\/\/imanitygroup.com\/firenze\/wp-json\/wp\/v2\/categories?post=12"},{"taxonomy":"post_tag","embeddable":true,"href":"http:\/\/imanitygroup.com\/firenze\/wp-json\/wp\/v2\/tags?post=12"}],"curies":[{"name":"wp","href":"https:\/\/api.w.org\/{rel}","templated":true}]}}