{"id":16,"date":"2018-12-28T23:08:15","date_gmt":"2018-12-28T23:08:15","guid":{"rendered":"http:\/\/imanitygroup.com\/firenze\/?page_id=16"},"modified":"2019-08-29T16:08:01","modified_gmt":"2019-08-29T16:08:01","slug":"actividades","status":"publish","type":"page","link":"http:\/\/imanitygroup.com\/firenze\/actividades\/","title":{"rendered":"Actividades"},"content":{"rendered":"<h2 class=\"text-large-40 text-align-left font-weight-500 text-transform-uppercase color-indigo-blue margin-bottom-30 \">ACTIVIDADES ART\u00cdSTICAS<\/h2>\n<p>En COLEGIO FIRENZE nuestro sistema educativo promueve el estudio y la pr\u00e1ctica de las artes y con el apoyo de los padres de familia y expertos en las diferentes disciplinas como M\u00fasica, Pintura, Danza etc. confirmamos las habilidades individuales de cada alumno, para promover y estimular en ellos el desarrollo de las mismas.<\/p>\n<h2 class=\"text-large-40 text-transform-uppercase font-weight-600 color-white  margin-bottom-30\">ACTIVIDADES DEPORTIVAS<\/h2>\n<p>La actividad f\u00edsica es primordial en el desarrollo de los alumnos. Es por eso que ofrecemos las mejores instalaciones deportivas que permitir\u00e1n a sus hijos practicar deportes como Tennis, Basquetball, Volleyball, Nataci\u00f3n, Football y algunas disciplinas de Atletismo. Nuestro equipo de instructores los podr\u00e1n preparar desde una manera recreativa y complementaria a sus estudios hasta esquemas de alto rendimiento para participar en competencias del mejor nivel local, estatal, regional y otros.<\/p>\n<h2 class=\"text-large-40 text-align-left  font-weight-500 text-transform-uppercase color-indigo-blue margin-bottom-30 \">ACTIVIDADES EXTRACURRICULARES<\/h2>\n<p>Como un complemento importante en la educaci\u00f3n de sus hijos, COLEGIO FIRENZE incluye como actividades extracurriculares la participaci\u00f3n activa de sus alumnos de educaci\u00f3n media en talleres y pr\u00e1cticas de Viticultura, Vinicultura, Gastronom\u00eda, y Turismo.<\/p>\n","protected":false},"excerpt":{"rendered":"<p>ACTIVIDADES ART\u00cdSTICAS En COLEGIO FIRENZE nuestro sistema educativo promueve el estudio y la pr\u00e1ctica de las artes y con el apoyo de los padres de familia y expertos en las diferentes disciplinas como M\u00fasica, Pintura, Danza etc. confirmamos las habilidades individuales de cada alumno, para promover y estimular en ellos el desarrollo de las mismas. [&hellip;]<\/p>\n","protected":false},"author":1,"featured_media":61,"parent":0,"menu_order":0,"comment_status":"closed","ping_status":"closed","template":"","meta":[],"categories":[2],"tags":[],"_links":{"self":[{"href":"http:\/\/imanitygroup.com\/firenze\/wp-json\/wp\/v2\/pages\/16"}],"collection":[{"href":"http:\/\/imanitygroup.com\/firenze\/wp-json\/wp\/v2\/pages"}],"about":[{"href":"http:\/\/imanitygroup.com\/firenze\/wp-json\/wp\/v2\/types\/page"}],"author":[{"embeddable":true,"href":"http:\/\/imanitygroup.com\/firenze\/wp-json\/wp\/v2\/users\/1"}],"replies":[{"embeddable":true,"href":"http:\/\/imanitygroup.com\/firenze\/wp-json\/wp\/v2\/comments?post=16"}],"version-history":[{"count":2,"href":"http:\/\/imanitygroup.com\/firenze\/wp-json\/wp\/v2\/pages\/16\/revisions"}],"predecessor-version":[{"id":75,"href":"http:\/\/imanitygroup.com\/firenze\/wp-json\/wp\/v2\/pages\/16\/revisions\/75"}],"wp:featuredmedia":[{"embeddable":true,"href":"http:\/\/imanitygroup.com\/firenze\/wp-json\/wp\/v2\/media\/61"}],"wp:attachment":[{"href":"http:\/\/imanitygroup.com\/firenze\/wp-json\/wp\/v2\/media?parent=16"}],"wp:term":[{"taxonomy":"category","embeddable":true,"href":"http:\/\/imanitygroup.com\/firenze\/wp-json\/wp\/v2\/categories?post=16"},{"taxonomy":"post_tag","embeddable":true,"href":"http:\/\/imanitygroup.com\/firenze\/wp-json\/wp\/v2\/tags?post=16"}],"curies":[{"name":"wp","href":"https:\/\/api.w.org\/{rel}","templated":true}]}}