{"id":23,"date":"2018-12-28T23:39:01","date_gmt":"2018-12-28T23:39:01","guid":{"rendered":"http:\/\/imanitygroup.com\/firenze\/?page_id=23"},"modified":"2019-08-29T16:07:49","modified_gmt":"2019-08-29T16:07:49","slug":"educacion-bilingue","status":"publish","type":"page","link":"http:\/\/imanitygroup.com\/firenze\/educacion-bilingue\/","title":{"rendered":"Educacion Biling\u00fce"},"content":{"rendered":"<h4 class=\"font-weight-600 text-medium-22 margin-bottom-35 text-align-justify\">En COLEGIO FIRENZE brindamos a su hijo la mejor educaci\u00f3n de forma totalmente biling\u00fce.<\/h4>\n<h5 class=\"font-weight-300 text-medium-18 margin-bottom-35 text-align-justify\">Sabemos que para dominar un segundo idioma como el ingl\u00e9s se requiere que el alumno piense en ingl\u00e9s sin traducir a partir de su idioma original.<\/h5>\n<p class=\"text-align-justify\">Por tal motivo, ofrecemos un sistema de ense\u00f1anza basado en la Teor\u00eda de la Voz Generadora que medimos peri\u00f3dicamente a trav\u00e9s de evaluaciones que nos permiten confirmar el avance de los alumnos, alcanzar la excelencia en el aprendizaje del idioma ingl\u00e9s y garantizar el \u00e9xito de ellos en cualquiera de los ex\u00e1menes de certificaci\u00f3n que demandan Empresas e Instituciones establecidas en cualquier parte del mundo.<\/p>\n","protected":false},"excerpt":{"rendered":"<p>En COLEGIO FIRENZE brindamos a su hijo la mejor educaci\u00f3n de forma totalmente biling\u00fce. Sabemos que para dominar un segundo idioma como el ingl\u00e9s se requiere que el alumno piense en ingl\u00e9s sin traducir a partir de su idioma original. Por tal motivo, ofrecemos un sistema de ense\u00f1anza basado en la Teor\u00eda de la Voz [&hellip;]<\/p>\n","protected":false},"author":1,"featured_media":64,"parent":0,"menu_order":0,"comment_status":"closed","ping_status":"closed","template":"","meta":[],"categories":[2],"tags":[],"_links":{"self":[{"href":"http:\/\/imanitygroup.com\/firenze\/wp-json\/wp\/v2\/pages\/23"}],"collection":[{"href":"http:\/\/imanitygroup.com\/firenze\/wp-json\/wp\/v2\/pages"}],"about":[{"href":"http:\/\/imanitygroup.com\/firenze\/wp-json\/wp\/v2\/types\/page"}],"author":[{"embeddable":true,"href":"http:\/\/imanitygroup.com\/firenze\/wp-json\/wp\/v2\/users\/1"}],"replies":[{"embeddable":true,"href":"http:\/\/imanitygroup.com\/firenze\/wp-json\/wp\/v2\/comments?post=23"}],"version-history":[{"count":3,"href":"http:\/\/imanitygroup.com\/firenze\/wp-json\/wp\/v2\/pages\/23\/revisions"}],"predecessor-version":[{"id":76,"href":"http:\/\/imanitygroup.com\/firenze\/wp-json\/wp\/v2\/pages\/23\/revisions\/76"}],"wp:featuredmedia":[{"embeddable":true,"href":"http:\/\/imanitygroup.com\/firenze\/wp-json\/wp\/v2\/media\/64"}],"wp:attachment":[{"href":"http:\/\/imanitygroup.com\/firenze\/wp-json\/wp\/v2\/media?parent=23"}],"wp:term":[{"taxonomy":"category","embeddable":true,"href":"http:\/\/imanitygroup.com\/firenze\/wp-json\/wp\/v2\/categories?post=23"},{"taxonomy":"post_tag","embeddable":true,"href":"http:\/\/imanitygroup.com\/firenze\/wp-json\/wp\/v2\/tags?post=23"}],"curies":[{"name":"wp","href":"https:\/\/api.w.org\/{rel}","templated":true}]}}