{"id":7,"date":"2018-12-28T03:46:34","date_gmt":"2018-12-28T03:46:34","guid":{"rendered":"http:\/\/imanitygroup.com\/firenze\/?page_id=7"},"modified":"2019-08-29T16:07:27","modified_gmt":"2019-08-29T16:07:27","slug":"nosotros","status":"publish","type":"page","link":"http:\/\/imanitygroup.com\/firenze\/nosotros\/","title":{"rendered":"Nosotros"},"content":{"rendered":"<h2 class=\"text-large-40 font-weight-500 text-transform-uppercase color-indigo-blue margin-bottom-30 \">SISTEMA EDUCATIVO MODERNO<\/h2>\n<p>En\u00a0<strong>COLEGIO FIRENZE<\/strong>\u00a0ofrecemos los niveles de educaci\u00f3n:\u00a0<strong>MATERNAL, PREESCOLAR, PRIMARIA y SECUNDARIA<\/strong>\u00a0y en cada uno de ellos formamos car\u00e1cter en nuestros alumnos para facilitar las decisiones que deber\u00e1n tomar para definir y alcanzar sus objetivos.<\/p>\n<p>Mediante el sistema educativo moderno que distingue al<strong>\u00a0COLEGIO FIRENZE<\/strong>\u00a0orientamos a sus hijos a definir y distinguir los valores c\u00edvicos y morales que facilitar\u00e1n su \u00e9xito en la vida. Adem\u00e1s podr\u00e1n complementar su acervo cultural con el aprendizaje y pr\u00e1ctica de las artes, (M\u00fasica, Pintura, Danza) y la pr\u00e1ctica de deportes como son Tennis, Volleyball, Basquetball, Football, Nataci\u00f3n y otros, haci\u00e9ndolo de manera recreativa y\/o al m\u00e1s alto nivel, para sobresalir en todo tipo de competencias.<\/p>\n<h2 class=\"text-large-40 text-transform-uppercase font-weight-600 color-white\">NUESTRA VISI\u00d3N<\/h2>\n<h5 class=\"font-weight-300 text-medium-18 margin-bottom-35 color-white\">Establecernos como el Instituto con la propuesta educativa de vanguardia tecnol\u00f3gica para la formaci\u00f3n de alumnos en Baja California.<\/h5>\n<p class=\"color-white \">Desarrollar en ellos las herramientas de competitividad que los prepare para enfrentar a la sociedad globalizada actual y futura mediante un esquema que promueve entre ellos, el alcanzar y administrar el \u00e9xito personal. Lograr que el sistema formativo de\u00a0<strong>COLEGIO FIRENZE<\/strong>\u00a0sea siempre un ejemplo de excelencia en educaci\u00f3n.<\/p>\n<h2 class=\"text-large-40 font-weight-500 text-transform-uppercase color-indigo-blue margin-bottom-30 \">NUESTRA MISI\u00d3N<\/h2>\n<h5 class=\"font-weight-300 text-medium-18 margin-bottom-35 \">Somos el Centro Educativo referente en Ensenada y en Baja California con la propuesta educativa m\u00e1s avanzada, dedicados a formar alumnos libres de pensamiento y perfectamente definidos en su vocaci\u00f3n.<\/h5>\n<p>Desarrollamos al m\u00e1ximo en cada uno de los alumnos su capacidad intelectual, art\u00edstica y f\u00edsica. Encontramos y potenciamos en cada alumno el talento que lo hace \u00fanico, sin dejar de fortalecer sus valores c\u00edvicos y morales. Siempre buscando hacerlo de manera pr\u00e1ctica y arm\u00f3nica para que cada alumno se integre a la sociedad con la capacidad y mentalidad de l\u00edder, con esp\u00edritu de servicio y con humildad.<\/p>\n<div class=\"col-lg-6 col-md-6 col-sm-6 col-xs-12\">\n<h2 class=\"text-large-50 font-weight-700 text-transform-uppercase color-white position-relative margin-bottom-21 editContent\">NUESTRO COMPROMISO<\/h2>\n<h5 class=\"text-medium-22 font-weight-500 color-dim-gray text-transform-uppercase padding-right-40 editContent\">OFRECER EL SISTEMA EDUCATIVO M\u00c1S MODERNO<\/h5>\n<\/div>\n<div class=\"col-lg-6 col-md-6 col-sm-6 col-xs-12\">\n<p class=\"text-small-16 font-weight-400 color-white margin-bottom-26 editContent\">Ofrecer el sistema educativo m\u00e1s moderno y efectivo que garantice el encontrar y desarrollar las habilidades espec\u00edficas e individuales de cada uno de nuestros alumnos.<\/p>\n<p class=\"text-small-16 font-weight-400 color-white margin-bottom-26 editContent\">Por lo mismo, cada miembro del COLEGIO FIRENZE est\u00e1 perfectamente capacitado para cumplir con la tarea diaria de reconocer en cada uno de nuestros estudiantes las habilidades y\/o talentos espec\u00edficos que lo hacen \u00fanico y dise\u00f1ar la forma de estimularlos para desarrollarlos al nivel m\u00e1s alto.<\/p>\n<h2 class=\"text-align-center text-large-50 font-weight-300 color-black position-relative margin-bottom-6 editContent\">Florencia en italiano.<\/h2>\n<p><strong>FIRENZE<\/strong>, Florencia en italiano, es una ciudad considerada Patrimonio Cultural de la Humanidad. Adquiere este reconocimiento porque es ah\u00ed donde se desarrollan Arte, Ciencia, Literatura durante la \u00e9poca del Renacimiento. El\u00a0<strong>COLEGIO FIRENZE<\/strong>\u00a0elige su nombre como un reconocimiento a grandes pensadores y artistas que nacen en Florencia entre los que destacan: Dante Alighieri, Giovanni Boccaccio Leonardo Davinci, Michelangelo Buonarotti, Galileo Galilei, Niccolo Machiavelli, Amerigo Vespucci entre otros.<\/p>\n<p>Son estos artistas, sabios y pensadores quienes a trav\u00e9s de sus obras nos inspiran para establecer los cimientos de la educaci\u00f3n que brindamos a sus hijos. En el s\u00edmbolo se estiliza el emblema her\u00e1ldico de la ciudad de Firenze (la Flor de Lis) en el cual se incorporan sutilmente las iniciales C y F. La elecci\u00f3n del color obedece a su asociaci\u00f3n con los conceptos de estabilidad, profundidad, lealtad, integridad, confianza, sabidur\u00eda, inteligencia, fe, verdad y eternidad.<\/p>\n<p class=\"text-small-16 font-weight-400 color-white margin-bottom-26 editContent\">\n<\/div>\n","protected":false},"excerpt":{"rendered":"<p>SISTEMA EDUCATIVO MODERNO En\u00a0COLEGIO FIRENZE\u00a0ofrecemos los niveles de educaci\u00f3n:\u00a0MATERNAL, PREESCOLAR, PRIMARIA y SECUNDARIA\u00a0y en cada uno de ellos formamos car\u00e1cter en nuestros alumnos para facilitar las decisiones que deber\u00e1n tomar para definir y alcanzar sus objetivos. Mediante el sistema educativo moderno que distingue al\u00a0COLEGIO FIRENZE\u00a0orientamos a sus hijos a definir y distinguir los valores c\u00edvicos [&hellip;]<\/p>\n","protected":false},"author":1,"featured_media":66,"parent":0,"menu_order":0,"comment_status":"closed","ping_status":"closed","template":"","meta":[],"categories":[2],"tags":[],"_links":{"self":[{"href":"http:\/\/imanitygroup.com\/firenze\/wp-json\/wp\/v2\/pages\/7"}],"collection":[{"href":"http:\/\/imanitygroup.com\/firenze\/wp-json\/wp\/v2\/pages"}],"about":[{"href":"http:\/\/imanitygroup.com\/firenze\/wp-json\/wp\/v2\/types\/page"}],"author":[{"embeddable":true,"href":"http:\/\/imanitygroup.com\/firenze\/wp-json\/wp\/v2\/users\/1"}],"replies":[{"embeddable":true,"href":"http:\/\/imanitygroup.com\/firenze\/wp-json\/wp\/v2\/comments?post=7"}],"version-history":[{"count":2,"href":"http:\/\/imanitygroup.com\/firenze\/wp-json\/wp\/v2\/pages\/7\/revisions"}],"predecessor-version":[{"id":80,"href":"http:\/\/imanitygroup.com\/firenze\/wp-json\/wp\/v2\/pages\/7\/revisions\/80"}],"wp:featuredmedia":[{"embeddable":true,"href":"http:\/\/imanitygroup.com\/firenze\/wp-json\/wp\/v2\/media\/66"}],"wp:attachment":[{"href":"http:\/\/imanitygroup.com\/firenze\/wp-json\/wp\/v2\/media?parent=7"}],"wp:term":[{"taxonomy":"category","embeddable":true,"href":"http:\/\/imanitygroup.com\/firenze\/wp-json\/wp\/v2\/categories?post=7"},{"taxonomy":"post_tag","embeddable":true,"href":"http:\/\/imanitygroup.com\/firenze\/wp-json\/wp\/v2\/tags?post=7"}],"curies":[{"name":"wp","href":"https:\/\/api.w.org\/{rel}","templated":true}]}}